{"id":136,"date":"2023-11-03T21:14:34","date_gmt":"2023-11-03T21:14:34","guid":{"rendered":"https:\/\/victorkron.com\/?page_id=136"},"modified":"2025-08-13T20:13:43","modified_gmt":"2025-08-13T23:13:43","slug":"about-me","status":"publish","type":"page","link":"https:\/\/victorknov.com\/pt-br\/about-me\/","title":{"rendered":"Sobre mim"},"content":{"rendered":"\n<p>Compilei algumas informa\u00e7\u00f5es sobre mim, caso voc\u00ea queira saber um pouco mais sobre o meu trabalho.<\/p>\n\n\n<div class=\"wp-block-image\">\n<figure class=\"aligncenter size-full is-resized\"><img loading=\"lazy\" decoding=\"async\" width=\"906\" height=\"906\" src=\"https:\/\/victorknov.com\/wp-content\/uploads\/2024\/01\/eu-cabelo-grande-1.jpeg\" alt=\"\" class=\"wp-image-262\" style=\"width:306px;height:auto\" srcset=\"https:\/\/victorknov.com\/wp-content\/uploads\/2024\/01\/eu-cabelo-grande-1.jpeg 906w, https:\/\/victorknov.com\/wp-content\/uploads\/2024\/01\/eu-cabelo-grande-1-300x300.jpeg 300w, https:\/\/victorknov.com\/wp-content\/uploads\/2024\/01\/eu-cabelo-grande-1-150x150.jpeg 150w, https:\/\/victorknov.com\/wp-content\/uploads\/2024\/01\/eu-cabelo-grande-1-768x768.jpeg 768w\" sizes=\"auto, (max-width: 906px) 100vw, 906px\" \/><\/figure><\/div>\n\n\n<h2 class=\"wp-block-heading\">Bio<\/h2>\n\n\n\n<p>Desde pequeno, sempre tive uma veia art\u00edstica: gostava de desenhar os personagens que via nos animes e nos jogos de videogame. Cheguei a fazer curso de desenho na adolesc\u00eancia, inclusive.&nbsp;<\/p>\n\n\n\n<p>L\u00e1 pelos 15 ou 16 anos, comecei a fazer algumas poesias, sem m\u00e9trica nem nada, e a escrever uns contos de vez em quando. Fui guardando isso dentro de mim enquanto seguia com a minha vida.&nbsp;<\/p>\n\n\n\n<p>Apesar dessa natureza mais voltada pra arte, eu acabei cursando qu\u00edmica na faculdade. Pensei primeiramente na estabilidade profissional, e n\u00e3o me arrependo: fiz mestrado e doutorado na \u00e1rea \u2014 uma experi\u00eancia que me ensinou muita coisa \u2014 e hoje em dia tenho um \u00f3timo trabalho na \u00e1rea que me permite ter tempo o suficiente pra seguir com os meus hobbies.<\/p>\n\n\n\n<p>Tamb\u00e9m trabalhei como copywriter por cerca de 6 anos, fazendo artigos sobre finan\u00e7as, neg\u00f3cios e outros temas. Foi nessa \u00e9poca que voltei a gostar de escrever e completei alguns romances e contos que, apesar de n\u00e3o estarem no n\u00edvel de qualidade para serem publicados, me ajudaram a acender essa chama liter\u00e1ria novamente.<\/p>\n\n\n\n<p>Decidi voltar a escrever e publicar coisas na internet atrav\u00e9s desse meu site. N\u00e3o gosto tanto de redes sociais e, com o site, posso publicar o que eu quero e quando quero, sem me preocupar com algoritmos.<\/p>\n\n\n\n<p>Vou postar artigos sobre temas variados, contos e cr\u00f4nicas, divulgar meus livros\u2026 enfim, vou fazer o que me der na telha!<\/p>\n\n\n\n<p>Espero que voc\u00ea possa acompanhar minha jornada por aqui!<\/p>\n\n\n\n<p><\/p>\n\n\n\n<h2 class=\"wp-block-heading\">FAQ<\/h2>\n\n\n\n<p><strong>Anivers\u00e1rio: <\/strong>18 de abril de 1994.<\/p>\n\n\n\n<p><strong>Educa\u00e7\u00e3o:<\/strong> Universidade Federal do Rio de Janeiro (mestrado e doutorado) e Faculdade Souza Marques (gradua\u00e7\u00e3o).<\/p>\n\n\n\n<p><strong>Hobbies:<\/strong> Ler, escrever, desenhar, animes\/mang\u00e1s, filmes e jogos.<\/p>\n\n\n\n<p><strong>Refer\u00eancias:<\/strong> Franz Kafka, Shuzo Oshimi, Albert Camus, Fyodor Dostoi\u00e9vski, Yoshihiro Togashi e outros.<\/p>\n\n\n\n<p><strong>Victor Knov \u00e9 o seu nome verdadeiro?<\/strong> N\u00e3o, eu escolhi esse nome porque soa bem tanto em ingl\u00eas quanto em portugu\u00eas, al\u00e9m de ser curto.<\/p>\n\n\n\n<h2 class=\"wp-block-heading\">Contato<\/h2>\n\n\n\n<p>Se voc\u00ea quer entrar em contato comigo, mande um e-mail para:<\/p>\n\n\n\n<p><a href=\"mailto:vitor.cdc94@gmail.com\">vitor.cdc94@gmail.com<\/a><\/p>\n","protected":false},"excerpt":{"rendered":"<p>Compilei algumas informa\u00e7\u00f5es sobre mim, caso voc\u00ea queira saber um pouco mais sobre o meu trabalho. Bio Desde pequeno, sempre tive uma veia art\u00edstica: gostava de desenhar os personagens que via nos animes e nos jogos de videogame. Cheguei a fazer curso de desenho na adolesc\u00eancia, inclusive.&nbsp; L\u00e1 pelos 15 ou 16 anos, comecei a&hellip; <a class=\"more-link\" href=\"https:\/\/victorknov.com\/pt-br\/about-me\/\">Continuar lendo <span class=\"screen-reader-text\">Sobre mim<\/span><\/a><\/p>\n","protected":false},"author":1,"featured_media":0,"parent":0,"menu_order":0,"comment_status":"closed","ping_status":"closed","template":"","meta":{"_kad_blocks_custom_css":"","_kad_blocks_head_custom_js":"","_kad_blocks_body_custom_js":"","_kad_blocks_footer_custom_js":"","_monsterinsights_skip_tracking":false,"_monsterinsights_sitenote_active":false,"_monsterinsights_sitenote_note":"","_monsterinsights_sitenote_category":0,"footnotes":""},"class_list":["post-136","page","type-page","status-publish","hentry","entry"],"taxonomy_info":[],"featured_image_src_large":false,"author_info":{"display_name":"Victor Knov","author_link":"https:\/\/victorknov.com\/pt-br\/author\/vitinho5656\/"},"comment_info":0,"_links":{"self":[{"href":"https:\/\/victorknov.com\/pt-br\/wp-json\/wp\/v2\/pages\/136","targetHints":{"allow":["GET"]}}],"collection":[{"href":"https:\/\/victorknov.com\/pt-br\/wp-json\/wp\/v2\/pages"}],"about":[{"href":"https:\/\/victorknov.com\/pt-br\/wp-json\/wp\/v2\/types\/page"}],"author":[{"embeddable":true,"href":"https:\/\/victorknov.com\/pt-br\/wp-json\/wp\/v2\/users\/1"}],"replies":[{"embeddable":true,"href":"https:\/\/victorknov.com\/pt-br\/wp-json\/wp\/v2\/comments?post=136"}],"version-history":[{"count":6,"href":"https:\/\/victorknov.com\/pt-br\/wp-json\/wp\/v2\/pages\/136\/revisions"}],"predecessor-version":[{"id":557,"href":"https:\/\/victorknov.com\/pt-br\/wp-json\/wp\/v2\/pages\/136\/revisions\/557"}],"wp:attachment":[{"href":"https:\/\/victorknov.com\/pt-br\/wp-json\/wp\/v2\/media?parent=136"}],"curies":[{"name":"wp","href":"https:\/\/api.w.org\/{rel}","templated":true}]}}