{"id":569,"date":"2025-08-14T13:17:45","date_gmt":"2025-08-14T16:17:45","guid":{"rendered":"https:\/\/pink-woodcock-713454.hostingersite.com\/pt-br\/?page_id=569"},"modified":"2025-08-15T22:04:06","modified_gmt":"2025-08-16T01:04:06","slug":"meus-livros","status":"publish","type":"page","link":"https:\/\/victorknov.com\/pt-br\/meus-livros\/","title":{"rendered":"Livros"},"content":{"rendered":"\n<div class=\"wp-block-columns is-layout-flex wp-container-core-columns-is-layout-9d6595d7 wp-block-columns-is-layout-flex\">\n<div class=\"wp-block-column is-vertically-aligned-center is-layout-flow wp-block-column-is-layout-flow\">\n<figure class=\"wp-block-image size-large is-resized\"><img loading=\"lazy\" decoding=\"async\" width=\"722\" height=\"1024\" src=\"https:\/\/victorknov.com\/wp-content\/uploads\/2025\/08\/capa_avingancadeeris-en-722x1024.jpg\" alt=\"the revenge of eris book cover\" class=\"wp-image-561\" style=\"width:305px;height:auto\" srcset=\"https:\/\/victorknov.com\/wp-content\/uploads\/2025\/08\/capa_avingancadeeris-en-722x1024.jpg 722w, https:\/\/victorknov.com\/wp-content\/uploads\/2025\/08\/capa_avingancadeeris-en-211x300.jpg 211w, https:\/\/victorknov.com\/wp-content\/uploads\/2025\/08\/capa_avingancadeeris-en-768x1089.jpg 768w, https:\/\/victorknov.com\/wp-content\/uploads\/2025\/08\/capa_avingancadeeris-en-1083x1536.jpg 1083w, https:\/\/victorknov.com\/wp-content\/uploads\/2025\/08\/capa_avingancadeeris-en-1444x2048.jpg 1444w, https:\/\/victorknov.com\/wp-content\/uploads\/2025\/08\/capa_avingancadeeris-en-1568x2224.jpg 1568w, https:\/\/victorknov.com\/wp-content\/uploads\/2025\/08\/capa_avingancadeeris-en.jpg 1749w\" sizes=\"auto, (max-width: 722px) 100vw, 722px\" \/><\/figure>\n<\/div>\n\n\n\n<div class=\"wp-block-column is-layout-flow wp-block-column-is-layout-flow\">\n<p><\/p>\n\n\n\n<p>Lucas, prestes a completar trinta anos e estagnado na vida, fica chocado ao descobrir que a irm\u00e3 mais nova foi molestada por um colega da faculdade. Consumido pela raiva, decide mat\u00e1-lo e come\u00e7a a arquitetar cada detalhe da vingan\u00e7a.<\/p>\n\n\n\n<p>No entanto, seus planos ganham um rumo inesperado quando surge \u00c9ris, uma misteriosa garota de cabelos azuis que parece conhecer cada um de seus passos. Ela garante poder ajud\u00e1-lo, mas imp\u00f5e uma condi\u00e7\u00e3o: ele dever\u00e1 enfrentar tr\u00eas testes antes de concretizar o ato.<\/p>\n<\/div>\n<\/div>\n\n\n\n<div class=\"wp-block-buttons is-content-justification-center is-layout-flex wp-container-core-buttons-is-layout-16018d1d wp-block-buttons-is-layout-flex\">\n<div class=\"wp-block-button is-style-fill\"><a class=\"wp-block-button__link wp-element-button\" href=\"https:\/\/www.amazon.com.br\/dp\/B0FMMF7W9J\" target=\"_blank\" rel=\"noopener\">LEIA NO KINDLE<\/a><\/div>\n<\/div>\n\n\n\n<p><\/p>\n","protected":false},"excerpt":{"rendered":"<p>Lucas, prestes a completar trinta anos e estagnado na vida, fica chocado ao descobrir que a irm\u00e3 mais nova foi molestada por um colega da faculdade. Consumido pela raiva, decide mat\u00e1-lo e come\u00e7a a arquitetar cada detalhe da vingan\u00e7a. No entanto, seus planos ganham um rumo inesperado quando surge \u00c9ris, uma misteriosa garota de cabelos&hellip; <a class=\"more-link\" href=\"https:\/\/victorknov.com\/pt-br\/meus-livros\/\">Continuar lendo <span class=\"screen-reader-text\">Livros<\/span><\/a><\/p>\n","protected":false},"author":1,"featured_media":0,"parent":0,"menu_order":0,"comment_status":"closed","ping_status":"closed","template":"","meta":{"_kad_blocks_custom_css":"","_kad_blocks_head_custom_js":"","_kad_blocks_body_custom_js":"","_kad_blocks_footer_custom_js":"","_monsterinsights_skip_tracking":false,"_monsterinsights_sitenote_active":false,"_monsterinsights_sitenote_note":"","_monsterinsights_sitenote_category":0,"footnotes":""},"class_list":["post-569","page","type-page","status-publish","hentry","entry"],"taxonomy_info":[],"featured_image_src_large":false,"author_info":{"display_name":"Victor Knov","author_link":"https:\/\/victorknov.com\/pt-br\/author\/vitinho5656\/"},"comment_info":0,"_links":{"self":[{"href":"https:\/\/victorknov.com\/pt-br\/wp-json\/wp\/v2\/pages\/569","targetHints":{"allow":["GET"]}}],"collection":[{"href":"https:\/\/victorknov.com\/pt-br\/wp-json\/wp\/v2\/pages"}],"about":[{"href":"https:\/\/victorknov.com\/pt-br\/wp-json\/wp\/v2\/types\/page"}],"author":[{"embeddable":true,"href":"https:\/\/victorknov.com\/pt-br\/wp-json\/wp\/v2\/users\/1"}],"replies":[{"embeddable":true,"href":"https:\/\/victorknov.com\/pt-br\/wp-json\/wp\/v2\/comments?post=569"}],"version-history":[{"count":4,"href":"https:\/\/victorknov.com\/pt-br\/wp-json\/wp\/v2\/pages\/569\/revisions"}],"predecessor-version":[{"id":584,"href":"https:\/\/victorknov.com\/pt-br\/wp-json\/wp\/v2\/pages\/569\/revisions\/584"}],"wp:attachment":[{"href":"https:\/\/victorknov.com\/pt-br\/wp-json\/wp\/v2\/media?parent=569"}],"curies":[{"name":"wp","href":"https:\/\/api.w.org\/{rel}","templated":true}]}}