{"id":7,"date":"2023-11-01T18:33:01","date_gmt":"2023-11-01T18:33:01","guid":{"rendered":"https:\/\/victorkron.com\/index.php\/home\/"},"modified":"2025-08-15T22:04:27","modified_gmt":"2025-08-16T01:04:27","slug":"home","status":"publish","type":"page","link":"https:\/\/victorknov.com\/pt-br\/","title":{"rendered":"Home"},"content":{"rendered":"\n<h2 class=\"wp-block-heading\">A Vingan\u00e7a de \u00c9ris &#8211; J\u00e1 Dispon\u00edvel!<\/h2>\n\n\n\n<div class=\"wp-block-columns is-layout-flex wp-container-core-columns-is-layout-9d6595d7 wp-block-columns-is-layout-flex\">\n<div class=\"wp-block-column is-vertically-aligned-center is-layout-flow wp-block-column-is-layout-flow\">\n<figure class=\"wp-block-image size-large\"><img loading=\"lazy\" decoding=\"async\" width=\"722\" height=\"1024\" src=\"https:\/\/victorknov.com\/wp-content\/uploads\/2025\/08\/capa_avingancadeeris-pt-722x1024.jpg\" alt=\"a vingan\u00e7a de \u00e9ris capa do livro\" class=\"wp-image-564\" srcset=\"https:\/\/victorknov.com\/wp-content\/uploads\/2025\/08\/capa_avingancadeeris-pt-722x1024.jpg 722w, https:\/\/victorknov.com\/wp-content\/uploads\/2025\/08\/capa_avingancadeeris-pt-211x300.jpg 211w, https:\/\/victorknov.com\/wp-content\/uploads\/2025\/08\/capa_avingancadeeris-pt-768x1089.jpg 768w, https:\/\/victorknov.com\/wp-content\/uploads\/2025\/08\/capa_avingancadeeris-pt-1083x1536.jpg 1083w, https:\/\/victorknov.com\/wp-content\/uploads\/2025\/08\/capa_avingancadeeris-pt-1444x2048.jpg 1444w, https:\/\/victorknov.com\/wp-content\/uploads\/2025\/08\/capa_avingancadeeris-pt-1568x2224.jpg 1568w, https:\/\/victorknov.com\/wp-content\/uploads\/2025\/08\/capa_avingancadeeris-pt.jpg 1749w\" sizes=\"auto, (max-width: 722px) 100vw, 722px\" \/><\/figure>\n<\/div>\n\n\n\n<div class=\"wp-block-column is-layout-flow wp-block-column-is-layout-flow\">\n<p>Lucas, prestes a completar trinta anos e estagnado na vida, fica chocado ao descobrir que a irm\u00e3 mais nova foi molestada por um colega da faculdade. Consumido pela raiva, decide mat\u00e1-lo e come\u00e7a a arquitetar cada detalhe da vingan\u00e7a.<\/p>\n\n\n\n<p>No entanto, seus planos ganham um rumo inesperado quando surge \u00c9ris, uma misteriosa garota de cabelos azuis que parece conhecer cada um de seus passos. Ela garante poder ajud\u00e1-lo, mas imp\u00f5e uma condi\u00e7\u00e3o: ele dever\u00e1 enfrentar tr\u00eas testes antes de concretizar o ato.<\/p>\n<\/div>\n<\/div>\n\n\n\n<div class=\"wp-block-buttons is-content-justification-center is-layout-flex wp-container-core-buttons-is-layout-16018d1d wp-block-buttons-is-layout-flex\">\n<div class=\"wp-block-button\"><a class=\"wp-block-button__link has-text-align-center wp-element-button\" href=\"https:\/\/www.amazon.com.br\/dp\/B0FMMF7W9J\" target=\"_blank\" rel=\"noopener\">LER NO KINDLE<\/a><\/div>\n<\/div>\n\n\n\n<h2 class=\"wp-block-heading\">Victor Knov<\/h2>\n\n\n\n<p>Escritor amador, qu\u00edmico com PhD e amante de filosofia\/literatura.<\/p>\n\n\n\n<div class=\"wp-block-buttons is-content-justification-center is-layout-flex wp-container-core-buttons-is-layout-28206b41 wp-block-buttons-is-layout-flex\">\n<div class=\"wp-block-button is-style-fill\"><a class=\"wp-block-button__link has-text-align-center wp-element-button\" href=\"https:\/\/victorknov.com\/pt-br\/blog\">LER BLOG<\/a><\/div>\n\n\n\n<div class=\"wp-block-button is-style-outline is-style-outline--1\"><a class=\"wp-block-button__link wp-element-button\" href=\"https:\/\/victorknov.com\/about-me\/\">SOBRE MIM<\/a><\/div>\n<\/div>\n\n\n\n<h2 class=\"wp-block-heading\"><strong>Posts Recentes<\/strong><\/h2>\n\n\n\n<div class=\"wp-block-query is-layout-flow wp-block-query-is-layout-flow\"><ul class=\"columns-1 wp-block-post-template is-layout-grid wp-container-core-post-template-is-layout-f9ac393c wp-block-post-template-is-layout-grid\"><li class=\"wp-block-post post-547 post type-post status-publish format-standard has-post-thumbnail hentry category-teologia entry\">\n<h2 class=\"wp-block-post-title\"><a href=\"https:\/\/victorknov.com\/pt-br\/correlacao-de-simbolos-na-astrologia-tradicional-e-no-catolicismo\/\" target=\"_self\">Correla\u00e7\u00e3o de s\u00edmbolos na Astrologia Tradicional e no Catolicismo<\/a><\/h2>\n\n<figure class=\"alignwide wp-block-post-featured-image\"><a href=\"https:\/\/victorknov.com\/pt-br\/correlacao-de-simbolos-na-astrologia-tradicional-e-no-catolicismo\/\" target=\"_self\"><img loading=\"lazy\" decoding=\"async\" width=\"640\" height=\"427\" src=\"https:\/\/victorknov.com\/wp-content\/uploads\/2025\/05\/astrology-and-catholicism.jpg\" class=\"attachment-post-thumbnail size-post-thumbnail wp-post-image\" alt=\"Correla\u00e7\u00e3o de s\u00edmbolos na Astrologia Tradicional e no Catolicismo\" style=\"width:100%;height:66.72%;max-width:640px;object-fit:cover;\" srcset=\"https:\/\/victorknov.com\/wp-content\/uploads\/2025\/05\/astrology-and-catholicism.jpg 640w, https:\/\/victorknov.com\/wp-content\/uploads\/2025\/05\/astrology-and-catholicism-300x200.jpg 300w\" sizes=\"auto, (max-width: 640px) 100vw, 640px\" \/><\/a><\/figure>\n\n<div class=\"wp-block-post-excerpt\"><p class=\"wp-block-post-excerpt__excerpt\">Decidi relacionar os planetas da astrologia tradicional com grandes santos do princ\u00edpio do cristianismo com base nas caracter\u00edsticas que chamam mais a aten\u00e7\u00e3o em ambos.<\/p><p class=\"wp-block-post-excerpt__more-text\"><a class=\"wp-block-post-excerpt__more-link\" href=\"https:\/\/victorknov.com\/pt-br\/correlacao-de-simbolos-na-astrologia-tradicional-e-no-catolicismo\/\"><strong>Leia mais<\/strong><\/a><\/p><\/div>\n\n\n<hr class=\"wp-block-separator has-css-opacity\"\/>\n\n<\/li><li class=\"wp-block-post post-532 post type-post status-publish format-standard has-post-thumbnail hentry category-teologia entry\">\n<h2 class=\"wp-block-post-title\"><a href=\"https:\/\/victorknov.com\/pt-br\/catolicismo-a-religiao-da-morte\/\" target=\"_self\">Catolicismo: a Religi\u00e3o da Morte<\/a><\/h2>\n\n<figure class=\"alignwide wp-block-post-featured-image\"><a href=\"https:\/\/victorknov.com\/pt-br\/catolicismo-a-religiao-da-morte\/\" target=\"_self\"><img loading=\"lazy\" decoding=\"async\" width=\"640\" height=\"428\" src=\"https:\/\/victorknov.com\/wp-content\/uploads\/2024\/11\/catolicismo-religiao-morte.jpg\" class=\"attachment-post-thumbnail size-post-thumbnail wp-post-image\" alt=\"Catolicismo: a Religi\u00e3o da Morte\" style=\"width:100%;height:66.88%;max-width:640px;object-fit:cover;\" srcset=\"https:\/\/victorknov.com\/wp-content\/uploads\/2024\/11\/catolicismo-religiao-morte.jpg 640w, https:\/\/victorknov.com\/wp-content\/uploads\/2024\/11\/catolicismo-religiao-morte-300x201.jpg 300w\" sizes=\"auto, (max-width: 640px) 100vw, 640px\" \/><\/a><\/figure>\n\n<div class=\"wp-block-post-excerpt\"><p class=\"wp-block-post-excerpt__excerpt\">\u00c9 uma religi\u00e3o m\u00f3rbida, com pensamentos constantes no fim da vida neste mundo.<\/p><p class=\"wp-block-post-excerpt__more-text\"><a class=\"wp-block-post-excerpt__more-link\" href=\"https:\/\/victorknov.com\/pt-br\/catolicismo-a-religiao-da-morte\/\"><strong>Leia mais<\/strong><\/a><\/p><\/div>\n\n\n<hr class=\"wp-block-separator has-css-opacity\"\/>\n\n<\/li><li class=\"wp-block-post post-517 post type-post status-publish format-standard has-post-thumbnail hentry category-bitcoin entry\">\n<h2 class=\"wp-block-post-title\"><a href=\"https:\/\/victorknov.com\/pt-br\/bitcoin-e-a-doutrina-social-da-igreja\/\" target=\"_self\">Bitcoin e a Doutrina Social da Igreja<\/a><\/h2>\n\n<figure class=\"alignwide wp-block-post-featured-image\"><a href=\"https:\/\/victorknov.com\/pt-br\/bitcoin-e-a-doutrina-social-da-igreja\/\" target=\"_self\"><img loading=\"lazy\" decoding=\"async\" width=\"640\" height=\"428\" src=\"https:\/\/victorknov.com\/wp-content\/uploads\/2024\/10\/bitcoin-dsi.jpg\" class=\"attachment-post-thumbnail size-post-thumbnail wp-post-image\" alt=\"Bitcoin e a Doutrina Social da Igreja\" style=\"width:100%;height:66.88%;max-width:640px;object-fit:cover;\" srcset=\"https:\/\/victorknov.com\/wp-content\/uploads\/2024\/10\/bitcoin-dsi.jpg 640w, https:\/\/victorknov.com\/wp-content\/uploads\/2024\/10\/bitcoin-dsi-300x201.jpg 300w\" sizes=\"auto, (max-width: 640px) 100vw, 640px\" \/><\/a><\/figure>\n\n<div class=\"wp-block-post-excerpt\"><p class=\"wp-block-post-excerpt__excerpt\">Como o Bitcoin est\u00e1 de acordo com os princ\u00edpios de doutrina social da Igreja Cat\u00f3lica<\/p><p class=\"wp-block-post-excerpt__more-text\"><a class=\"wp-block-post-excerpt__more-link\" href=\"https:\/\/victorknov.com\/pt-br\/bitcoin-e-a-doutrina-social-da-igreja\/\"><strong>Leia mais<\/strong><\/a><\/p><\/div>\n\n\n<hr class=\"wp-block-separator has-css-opacity\"\/>\n\n<\/li><\/ul><\/div>\n\n\n\n<div class=\"wp-block-buttons is-content-justification-center is-layout-flex wp-container-core-buttons-is-layout-16018d1d wp-block-buttons-is-layout-flex\">\n<div class=\"wp-block-button is-style-outline is-style-outline--2\"><a class=\"wp-block-button__link has-text-align-center wp-element-button\" href=\"https:\/\/victorknov.com\/pt-br\/blog\/\">TODOS OS ARTIGOS<\/a><\/div>\n<\/div>\n\n\n\n<h2 class=\"wp-block-heading\"><strong>Apoie o meu trabalho<\/strong><\/h2>\n\n\n\n<p><strong>Bitcoin (on-chain):<\/strong> bc1qumxwrm333a3vjxsc7y3gm225lxrttu5mcxj2ze<\/p>\n\n\n\n<p><strong>Lighting Network:<\/strong> lnbc1p5rym3lpp5p2490n4764q6q6ukmx8rkctfge4eshhufgqraqrwqed03u8pqp3qdqqcqzzsxqrrsssp5fgqupwt6s2x6q3rsty2rcqr6w2e325dx2jnwfq25lrlvfa3u0y9q9qxpqysgqmfluut3rhag5fhk49djwxm9u3p8x42k6xwgx9cxvgnsax6pgn23xsygmypcqjup95c5v9jj44z2vyqq6yzz5xr7df2mse78tnmrqpucq5r370g<\/p>\n\n\n\n<p>Para ajudar, voc\u00ea tamb\u00e9m pode comprar na Amazon <a href=\"https:\/\/amzn.to\/40adlcS\" target=\"_blank\" rel=\"noopener\">clicando aqui!<\/a> (voc\u00ea n\u00e3o paga nada a mais por isso e ajuda a manter o blog)<\/p>\n","protected":false},"excerpt":{"rendered":"<p>A Vingan\u00e7a de \u00c9ris &#8211; J\u00e1 Dispon\u00edvel! Lucas, prestes a completar trinta anos e estagnado na vida, fica chocado ao descobrir que a irm\u00e3 mais nova foi molestada por um colega da faculdade. Consumido pela raiva, decide mat\u00e1-lo e come\u00e7a a arquitetar cada detalhe da vingan\u00e7a. No entanto, seus planos ganham um rumo inesperado quando&hellip; <a class=\"more-link\" href=\"https:\/\/victorknov.com\/pt-br\/\">Continuar lendo <span class=\"screen-reader-text\">Home<\/span><\/a><\/p>\n","protected":false},"author":1,"featured_media":0,"parent":0,"menu_order":0,"comment_status":"closed","ping_status":"closed","template":"","meta":{"_kad_blocks_custom_css":"","_kad_blocks_head_custom_js":"","_kad_blocks_body_custom_js":"","_kad_blocks_footer_custom_js":"","_monsterinsights_skip_tracking":false,"_monsterinsights_sitenote_active":false,"_monsterinsights_sitenote_note":"","_monsterinsights_sitenote_category":0,"footnotes":""},"class_list":["post-7","page","type-page","status-publish","hentry","entry"],"taxonomy_info":[],"featured_image_src_large":false,"author_info":{"display_name":"Victor Knov","author_link":"https:\/\/victorknov.com\/pt-br\/author\/vitinho5656\/"},"comment_info":0,"_links":{"self":[{"href":"https:\/\/victorknov.com\/pt-br\/wp-json\/wp\/v2\/pages\/7","targetHints":{"allow":["GET"]}}],"collection":[{"href":"https:\/\/victorknov.com\/pt-br\/wp-json\/wp\/v2\/pages"}],"about":[{"href":"https:\/\/victorknov.com\/pt-br\/wp-json\/wp\/v2\/types\/page"}],"author":[{"embeddable":true,"href":"https:\/\/victorknov.com\/pt-br\/wp-json\/wp\/v2\/users\/1"}],"replies":[{"embeddable":true,"href":"https:\/\/victorknov.com\/pt-br\/wp-json\/wp\/v2\/comments?post=7"}],"version-history":[{"count":27,"href":"https:\/\/victorknov.com\/pt-br\/wp-json\/wp\/v2\/pages\/7\/revisions"}],"predecessor-version":[{"id":585,"href":"https:\/\/victorknov.com\/pt-br\/wp-json\/wp\/v2\/pages\/7\/revisions\/585"}],"wp:attachment":[{"href":"https:\/\/victorknov.com\/pt-br\/wp-json\/wp\/v2\/media?parent=7"}],"curies":[{"name":"wp","href":"https:\/\/api.w.org\/{rel}","templated":true}]}}